{"id":3517,"date":"2024-10-02T15:26:41","date_gmt":"2024-10-02T14:26:41","guid":{"rendered":"https:\/\/mtd.setur.fo\/?post_type=product&#038;p=3517"},"modified":"2024-10-02T15:30:51","modified_gmt":"2024-10-02T14:30:51","slug":"google-translate","status":"publish","type":"product","link":"https:\/\/mtd.setur.fo\/en\/resource\/google-translate\/","title":{"rendered":"Google Translate"},"content":{"rendered":"","protected":false},"excerpt":{"rendered":"<p>A machine translation tool from Google. It can translate both from Faroese to other languages and from other languages to Faroese.<\/p>","protected":false},"featured_media":3518,"template":"","meta":{"_crdt_document":"","_uag_custom_page_level_css":"","site-sidebar-layout":"no-sidebar","site-content-layout":"","ast-site-content-layout":"default","site-content-style":"boxed","site-sidebar-style":"default","ast-global-header-display":"","ast-banner-title-visibility":"","ast-main-header-display":"","ast-hfb-above-header-display":"","ast-hfb-below-header-display":"","ast-hfb-mobile-header-display":"","site-post-title":"","ast-breadcrumbs-content":"","ast-featured-img":"","footer-sml-layout":"","ast-disable-related-posts":"","theme-transparent-header-meta":"default","adv-header-id-meta":"","stick-header-meta":"","header-above-stick-meta":"","header-main-stick-meta":"","header-below-stick-meta":"","astra-migrate-meta-layouts":"set","ast-page-background-enabled":"default","ast-page-background-meta":{"desktop":{"background-color":"var(--ast-global-color-4)","background-image":"","background-repeat":"repeat","background-position":"center center","background-size":"auto","background-attachment":"scroll","background-type":"","background-media":"","overlay-type":"","overlay-color":"","overlay-opacity":"","overlay-gradient":""},"tablet":{"background-color":"","background-image":"","background-repeat":"repeat","background-position":"center center","background-size":"auto","background-attachment":"scroll","background-type":"","background-media":"","overlay-type":"","overlay-color":"","overlay-opacity":"","overlay-gradient":""},"mobile":{"background-color":"","background-image":"","background-repeat":"repeat","background-position":"center center","background-size":"auto","background-attachment":"scroll","background-type":"","background-media":"","overlay-type":"","overlay-color":"","overlay-opacity":"","overlay-gradient":""}},"ast-content-background-meta":{"desktop":{"background-color":"var(--ast-global-color-5)","background-image":"","background-repeat":"repeat","background-position":"center center","background-size":"auto","background-attachment":"scroll","background-type":"","background-media":"","overlay-type":"","overlay-color":"","overlay-opacity":"","overlay-gradient":""},"tablet":{"background-color":"var(--ast-global-color-5)","background-image":"","background-repeat":"repeat","background-position":"center center","background-size":"auto","background-attachment":"scroll","background-type":"","background-media":"","overlay-type":"","overlay-color":"","overlay-opacity":"","overlay-gradient":""},"mobile":{"background-color":"var(--ast-global-color-5)","background-image":"","background-repeat":"repeat","background-position":"center center","background-size":"auto","background-attachment":"scroll","background-type":"","background-media":"","overlay-type":"","overlay-color":"","overlay-opacity":"","overlay-gradient":""}},"jetpack_publicize_message":"","jetpack_publicize_feature_enabled":true,"jetpack_social_post_already_shared":true,"jetpack_social_options":{"image_generator_settings":{"template":"highway","default_image_id":0,"font":"","enabled":false},"version":2},"_wpas_customize_per_network":false},"product_brand":[],"product_cat":[52],"product_tag":[],"class_list":{"0":"post-3517","1":"product","2":"type-product","3":"status-publish","4":"has-post-thumbnail","6":"product_cat-tools","7":"desktop-align-left","8":"tablet-align-left","9":"mobile-align-left","11":"first","12":"instock","13":"shipping-taxable","14":"product-type-external"},"yoast_head":"<!-- This site is optimized with the Yoast SEO plugin v27.3 - https:\/\/yoast.com\/product\/yoast-seo-wordpress\/ -->\n<title>Google Translate - M\u00e1lt\u00f8knidepilin<\/title>\n<meta name=\"robots\" content=\"index, follow, max-snippet:-1, max-image-preview:large, max-video-preview:-1\" \/>\n<link rel=\"canonical\" href=\"https:\/\/mtd.setur.fo\/en\/resource\/google-translate\/\" \/>\n<meta property=\"og:locale\" content=\"en_GB\" \/>\n<meta property=\"og:type\" content=\"article\" \/>\n<meta property=\"og:title\" content=\"Google Translate - M\u00e1lt\u00f8knidepilin\" \/>\n<meta property=\"og:description\" content=\"Ein teldut\u00fd\u00f0ari fr\u00e1 Google. Til ber at t\u00fd\u00f0a b\u00e6\u00f0i \u00far f\u00f8royskum \u00ed onnur m\u00e1l og \u00far \u00f8\u00f0rum m\u00e1lum \u00ed f\u00f8royskt.\" \/>\n<meta property=\"og:url\" content=\"https:\/\/mtd.setur.fo\/en\/resource\/google-translate\/\" \/>\n<meta property=\"og:site_name\" content=\"M\u00e1lt\u00f8knidepilin\" \/>\n<meta property=\"article:modified_time\" content=\"2024-10-02T14:30:51+00:00\" \/>\n<meta property=\"og:image\" content=\"https:\/\/mtd.setur.fo\/wp-content\/uploads\/2024\/10\/Google-Translate-sq.png\" \/>\n\t<meta property=\"og:image:width\" content=\"500\" \/>\n\t<meta property=\"og:image:height\" content=\"500\" \/>\n\t<meta property=\"og:image:type\" content=\"image\/png\" \/>\n<meta name=\"twitter:card\" content=\"summary_large_image\" \/>\n<meta name=\"twitter:label1\" content=\"Estimated reading time\" \/>\n\t<meta name=\"twitter:data1\" content=\"1 minute\" \/>\n<script type=\"application\/ld+json\" class=\"yoast-schema-graph\">{\"@context\":\"https:\\\/\\\/schema.org\",\"@graph\":[{\"@type\":\"WebPage\",\"@id\":\"https:\\\/\\\/mtd.setur.fo\\\/resource\\\/google-translate\\\/\",\"url\":\"https:\\\/\\\/mtd.setur.fo\\\/resource\\\/google-translate\\\/\",\"name\":\"Google Translate - M\u00e1lt\u00f8knidepilin\",\"isPartOf\":{\"@id\":\"https:\\\/\\\/mtd.setur.fo\\\/#website\"},\"primaryImageOfPage\":{\"@id\":\"https:\\\/\\\/mtd.setur.fo\\\/resource\\\/google-translate\\\/#primaryimage\"},\"image\":{\"@id\":\"https:\\\/\\\/mtd.setur.fo\\\/resource\\\/google-translate\\\/#primaryimage\"},\"thumbnailUrl\":\"https:\\\/\\\/i0.wp.com\\\/mtd.setur.fo\\\/wp-content\\\/uploads\\\/2024\\\/10\\\/Google-Translate-sq.png?fit=500%2C500&ssl=1\",\"datePublished\":\"2024-10-02T14:26:41+00:00\",\"dateModified\":\"2024-10-02T14:30:51+00:00\",\"breadcrumb\":{\"@id\":\"https:\\\/\\\/mtd.setur.fo\\\/resource\\\/google-translate\\\/#breadcrumb\"},\"inLanguage\":\"en-GB\",\"potentialAction\":[{\"@type\":\"ReadAction\",\"target\":[\"https:\\\/\\\/mtd.setur.fo\\\/resource\\\/google-translate\\\/\"]}]},{\"@type\":\"ImageObject\",\"inLanguage\":\"en-GB\",\"@id\":\"https:\\\/\\\/mtd.setur.fo\\\/resource\\\/google-translate\\\/#primaryimage\",\"url\":\"https:\\\/\\\/i0.wp.com\\\/mtd.setur.fo\\\/wp-content\\\/uploads\\\/2024\\\/10\\\/Google-Translate-sq.png?fit=500%2C500&ssl=1\",\"contentUrl\":\"https:\\\/\\\/i0.wp.com\\\/mtd.setur.fo\\\/wp-content\\\/uploads\\\/2024\\\/10\\\/Google-Translate-sq.png?fit=500%2C500&ssl=1\",\"width\":500,\"height\":500},{\"@type\":\"BreadcrumbList\",\"@id\":\"https:\\\/\\\/mtd.setur.fo\\\/resource\\\/google-translate\\\/#breadcrumb\",\"itemListElement\":[{\"@type\":\"ListItem\",\"position\":1,\"name\":\"Home\",\"item\":\"https:\\\/\\\/mtd.setur.fo\\\/\"},{\"@type\":\"ListItem\",\"position\":2,\"name\":\"Tilfeingi\",\"item\":\"https:\\\/\\\/mtd.setur.fo\\\/tilfeingi\\\/\"},{\"@type\":\"ListItem\",\"position\":3,\"name\":\"Google Translate\"}]},{\"@type\":\"WebSite\",\"@id\":\"https:\\\/\\\/mtd.setur.fo\\\/#website\",\"url\":\"https:\\\/\\\/mtd.setur.fo\\\/\",\"name\":\"M\u00e1lt\u00f8knidepilin\",\"description\":\"M\u00e1lt\u00f8knidepilin\",\"publisher\":{\"@id\":\"https:\\\/\\\/mtd.setur.fo\\\/#organization\"},\"potentialAction\":[{\"@type\":\"SearchAction\",\"target\":{\"@type\":\"EntryPoint\",\"urlTemplate\":\"https:\\\/\\\/mtd.setur.fo\\\/?s={search_term_string}\"},\"query-input\":{\"@type\":\"PropertyValueSpecification\",\"valueRequired\":true,\"valueName\":\"search_term_string\"}}],\"inLanguage\":\"en-GB\"},{\"@type\":\"Organization\",\"@id\":\"https:\\\/\\\/mtd.setur.fo\\\/#organization\",\"name\":\"M\u00e1lt\u00f8knidepilin\",\"url\":\"https:\\\/\\\/mtd.setur.fo\\\/\",\"logo\":{\"@type\":\"ImageObject\",\"inLanguage\":\"en-GB\",\"@id\":\"https:\\\/\\\/mtd.setur.fo\\\/#\\\/schema\\\/logo\\\/image\\\/\",\"url\":\"https:\\\/\\\/i0.wp.com\\\/mtd.setur.fo\\\/wp-content\\\/uploads\\\/2024\\\/02\\\/cropped-gront_MTD_FF_fo_horisont-2.png?fit=550%2C110&ssl=1\",\"contentUrl\":\"https:\\\/\\\/i0.wp.com\\\/mtd.setur.fo\\\/wp-content\\\/uploads\\\/2024\\\/02\\\/cropped-gront_MTD_FF_fo_horisont-2.png?fit=550%2C110&ssl=1\",\"width\":550,\"height\":110,\"caption\":\"M\u00e1lt\u00f8knidepilin\"},\"image\":{\"@id\":\"https:\\\/\\\/mtd.setur.fo\\\/#\\\/schema\\\/logo\\\/image\\\/\"}}]}<\/script>\n<!-- \/ Yoast SEO plugin. -->","yoast_head_json":{"title":"Google Translate - M\u00e1lt\u00f8knidepilin","robots":{"index":"index","follow":"follow","max-snippet":"max-snippet:-1","max-image-preview":"max-image-preview:large","max-video-preview":"max-video-preview:-1"},"canonical":"https:\/\/mtd.setur.fo\/en\/resource\/google-translate\/","og_locale":"en_GB","og_type":"article","og_title":"Google Translate - M\u00e1lt\u00f8knidepilin","og_description":"Ein teldut\u00fd\u00f0ari fr\u00e1 Google. Til ber at t\u00fd\u00f0a b\u00e6\u00f0i \u00far f\u00f8royskum \u00ed onnur m\u00e1l og \u00far \u00f8\u00f0rum m\u00e1lum \u00ed f\u00f8royskt.","og_url":"https:\/\/mtd.setur.fo\/en\/resource\/google-translate\/","og_site_name":"M\u00e1lt\u00f8knidepilin","article_modified_time":"2024-10-02T14:30:51+00:00","og_image":[{"width":500,"height":500,"url":"https:\/\/mtd.setur.fo\/wp-content\/uploads\/2024\/10\/Google-Translate-sq.png","type":"image\/png"}],"twitter_card":"summary_large_image","twitter_misc":{"Estimated reading time":"1 minute"},"schema":{"@context":"https:\/\/schema.org","@graph":[{"@type":"WebPage","@id":"https:\/\/mtd.setur.fo\/resource\/google-translate\/","url":"https:\/\/mtd.setur.fo\/resource\/google-translate\/","name":"Google Translate - M\u00e1lt\u00f8knidepilin","isPartOf":{"@id":"https:\/\/mtd.setur.fo\/#website"},"primaryImageOfPage":{"@id":"https:\/\/mtd.setur.fo\/resource\/google-translate\/#primaryimage"},"image":{"@id":"https:\/\/mtd.setur.fo\/resource\/google-translate\/#primaryimage"},"thumbnailUrl":"https:\/\/i0.wp.com\/mtd.setur.fo\/wp-content\/uploads\/2024\/10\/Google-Translate-sq.png?fit=500%2C500&ssl=1","datePublished":"2024-10-02T14:26:41+00:00","dateModified":"2024-10-02T14:30:51+00:00","breadcrumb":{"@id":"https:\/\/mtd.setur.fo\/resource\/google-translate\/#breadcrumb"},"inLanguage":"en-GB","potentialAction":[{"@type":"ReadAction","target":["https:\/\/mtd.setur.fo\/resource\/google-translate\/"]}]},{"@type":"ImageObject","inLanguage":"en-GB","@id":"https:\/\/mtd.setur.fo\/resource\/google-translate\/#primaryimage","url":"https:\/\/i0.wp.com\/mtd.setur.fo\/wp-content\/uploads\/2024\/10\/Google-Translate-sq.png?fit=500%2C500&ssl=1","contentUrl":"https:\/\/i0.wp.com\/mtd.setur.fo\/wp-content\/uploads\/2024\/10\/Google-Translate-sq.png?fit=500%2C500&ssl=1","width":500,"height":500},{"@type":"BreadcrumbList","@id":"https:\/\/mtd.setur.fo\/resource\/google-translate\/#breadcrumb","itemListElement":[{"@type":"ListItem","position":1,"name":"Home","item":"https:\/\/mtd.setur.fo\/"},{"@type":"ListItem","position":2,"name":"Tilfeingi","item":"https:\/\/mtd.setur.fo\/tilfeingi\/"},{"@type":"ListItem","position":3,"name":"Google Translate"}]},{"@type":"WebSite","@id":"https:\/\/mtd.setur.fo\/#website","url":"https:\/\/mtd.setur.fo\/","name":"Centre for Language Technology","description":"Centre for Language Technology","publisher":{"@id":"https:\/\/mtd.setur.fo\/#organization"},"potentialAction":[{"@type":"SearchAction","target":{"@type":"EntryPoint","urlTemplate":"https:\/\/mtd.setur.fo\/?s={search_term_string}"},"query-input":{"@type":"PropertyValueSpecification","valueRequired":true,"valueName":"search_term_string"}}],"inLanguage":"en-GB"},{"@type":"Organization","@id":"https:\/\/mtd.setur.fo\/#organization","name":"Centre for Language Technology","url":"https:\/\/mtd.setur.fo\/","logo":{"@type":"ImageObject","inLanguage":"en-GB","@id":"https:\/\/mtd.setur.fo\/#\/schema\/logo\/image\/","url":"https:\/\/i0.wp.com\/mtd.setur.fo\/wp-content\/uploads\/2024\/02\/cropped-gront_MTD_FF_fo_horisont-2.png?fit=550%2C110&ssl=1","contentUrl":"https:\/\/i0.wp.com\/mtd.setur.fo\/wp-content\/uploads\/2024\/02\/cropped-gront_MTD_FF_fo_horisont-2.png?fit=550%2C110&ssl=1","width":550,"height":110,"caption":"M\u00e1lt\u00f8knidepilin"},"image":{"@id":"https:\/\/mtd.setur.fo\/#\/schema\/logo\/image\/"}}]}},"jetpack_publicize_connections":[],"uagb_featured_image_src":{"full":["https:\/\/i0.wp.com\/mtd.setur.fo\/wp-content\/uploads\/2024\/10\/Google-Translate-sq.png?fit=500%2C500&ssl=1",500,500,false],"thumbnail":["https:\/\/i0.wp.com\/mtd.setur.fo\/wp-content\/uploads\/2024\/10\/Google-Translate-sq.png?resize=150%2C150&ssl=1",150,150,true],"medium":["https:\/\/i0.wp.com\/mtd.setur.fo\/wp-content\/uploads\/2024\/10\/Google-Translate-sq.png?fit=300%2C300&ssl=1",300,300,true],"medium_large":["https:\/\/i0.wp.com\/mtd.setur.fo\/wp-content\/uploads\/2024\/10\/Google-Translate-sq.png?fit=500%2C500&ssl=1",500,500,true],"large":["https:\/\/i0.wp.com\/mtd.setur.fo\/wp-content\/uploads\/2024\/10\/Google-Translate-sq.png?fit=500%2C500&ssl=1",500,500,true],"1536x1536":["https:\/\/i0.wp.com\/mtd.setur.fo\/wp-content\/uploads\/2024\/10\/Google-Translate-sq.png?fit=500%2C500&ssl=1",500,500,true],"2048x2048":["https:\/\/i0.wp.com\/mtd.setur.fo\/wp-content\/uploads\/2024\/10\/Google-Translate-sq.png?fit=500%2C500&ssl=1",500,500,true],"trp-custom-language-flag":["https:\/\/i0.wp.com\/mtd.setur.fo\/wp-content\/uploads\/2024\/10\/Google-Translate-sq.png?fit=12%2C12&ssl=1",12,12,true],"newspack-article-block-landscape-large":["https:\/\/i0.wp.com\/mtd.setur.fo\/wp-content\/uploads\/2024\/10\/Google-Translate-sq.png?resize=500%2C500&ssl=1",500,500,true],"newspack-article-block-portrait-large":["https:\/\/i0.wp.com\/mtd.setur.fo\/wp-content\/uploads\/2024\/10\/Google-Translate-sq.png?resize=500%2C500&ssl=1",500,500,true],"newspack-article-block-square-large":["https:\/\/i0.wp.com\/mtd.setur.fo\/wp-content\/uploads\/2024\/10\/Google-Translate-sq.png?resize=500%2C500&ssl=1",500,500,true],"newspack-article-block-landscape-medium":["https:\/\/i0.wp.com\/mtd.setur.fo\/wp-content\/uploads\/2024\/10\/Google-Translate-sq.png?resize=500%2C500&ssl=1",500,500,true],"newspack-article-block-portrait-medium":["https:\/\/i0.wp.com\/mtd.setur.fo\/wp-content\/uploads\/2024\/10\/Google-Translate-sq.png?resize=500%2C500&ssl=1",500,500,true],"newspack-article-block-square-medium":["https:\/\/i0.wp.com\/mtd.setur.fo\/wp-content\/uploads\/2024\/10\/Google-Translate-sq.png?resize=500%2C500&ssl=1",500,500,true],"newspack-article-block-landscape-intermediate":["https:\/\/i0.wp.com\/mtd.setur.fo\/wp-content\/uploads\/2024\/10\/Google-Translate-sq.png?resize=500%2C450&ssl=1",500,450,true],"newspack-article-block-portrait-intermediate":["https:\/\/i0.wp.com\/mtd.setur.fo\/wp-content\/uploads\/2024\/10\/Google-Translate-sq.png?resize=450%2C500&ssl=1",450,500,true],"newspack-article-block-square-intermediate":["https:\/\/i0.wp.com\/mtd.setur.fo\/wp-content\/uploads\/2024\/10\/Google-Translate-sq.png?resize=500%2C500&ssl=1",500,500,true],"newspack-article-block-landscape-small":["https:\/\/i0.wp.com\/mtd.setur.fo\/wp-content\/uploads\/2024\/10\/Google-Translate-sq.png?resize=400%2C300&ssl=1",400,300,true],"newspack-article-block-portrait-small":["https:\/\/i0.wp.com\/mtd.setur.fo\/wp-content\/uploads\/2024\/10\/Google-Translate-sq.png?resize=300%2C400&ssl=1",300,400,true],"newspack-article-block-square-small":["https:\/\/i0.wp.com\/mtd.setur.fo\/wp-content\/uploads\/2024\/10\/Google-Translate-sq.png?resize=400%2C400&ssl=1",400,400,true],"newspack-article-block-landscape-tiny":["https:\/\/i0.wp.com\/mtd.setur.fo\/wp-content\/uploads\/2024\/10\/Google-Translate-sq.png?resize=200%2C150&ssl=1",200,150,true],"newspack-article-block-portrait-tiny":["https:\/\/i0.wp.com\/mtd.setur.fo\/wp-content\/uploads\/2024\/10\/Google-Translate-sq.png?resize=150%2C200&ssl=1",150,200,true],"newspack-article-block-square-tiny":["https:\/\/i0.wp.com\/mtd.setur.fo\/wp-content\/uploads\/2024\/10\/Google-Translate-sq.png?resize=200%2C200&ssl=1",200,200,true],"newspack-article-block-uncropped":["https:\/\/i0.wp.com\/mtd.setur.fo\/wp-content\/uploads\/2024\/10\/Google-Translate-sq.png?fit=500%2C500&ssl=1",500,500,true],"mailpoet_newsletter_max":["https:\/\/i0.wp.com\/mtd.setur.fo\/wp-content\/uploads\/2024\/10\/Google-Translate-sq.png?fit=500%2C500&ssl=1",500,500,true],"woocommerce_thumbnail":["https:\/\/i0.wp.com\/mtd.setur.fo\/wp-content\/uploads\/2024\/10\/Google-Translate-sq.png?resize=300%2C300&ssl=1",300,300,true],"woocommerce_single":["https:\/\/i0.wp.com\/mtd.setur.fo\/wp-content\/uploads\/2024\/10\/Google-Translate-sq.png?fit=500%2C500&ssl=1",500,500,true],"woocommerce_gallery_thumbnail":["https:\/\/i0.wp.com\/mtd.setur.fo\/wp-content\/uploads\/2024\/10\/Google-Translate-sq.png?resize=100%2C100&ssl=1",100,100,true]},"uagb_author_info":{"display_name":"Admin","author_link":"https:\/\/mtd.setur.fo\/en\/author\/"},"uagb_comment_info":0,"uagb_excerpt":"Ein teldut\u00fd\u00f0ari fr\u00e1 Google. Til ber at t\u00fd\u00f0a b\u00e6\u00f0i \u00far f\u00f8royskum \u00ed onnur m\u00e1l og \u00far \u00f8\u00f0rum m\u00e1lum \u00ed f\u00f8royskt.","jetpack_likes_enabled":true,"jetpack_sharing_enabled":true,"jetpack-related-posts":[],"_links":{"self":[{"href":"https:\/\/mtd.setur.fo\/en\/wp-json\/wp\/v2\/product\/3517","targetHints":{"allow":["GET"]}}],"collection":[{"href":"https:\/\/mtd.setur.fo\/en\/wp-json\/wp\/v2\/product"}],"about":[{"href":"https:\/\/mtd.setur.fo\/en\/wp-json\/wp\/v2\/types\/product"}],"wp:featuredmedia":[{"embeddable":true,"href":"https:\/\/mtd.setur.fo\/en\/wp-json\/wp\/v2\/media\/3518"}],"wp:attachment":[{"href":"https:\/\/mtd.setur.fo\/en\/wp-json\/wp\/v2\/media?parent=3517"}],"wp:term":[{"taxonomy":"product_brand","embeddable":true,"href":"https:\/\/mtd.setur.fo\/en\/wp-json\/wp\/v2\/product_brand?post=3517"},{"taxonomy":"product_cat","embeddable":true,"href":"https:\/\/mtd.setur.fo\/en\/wp-json\/wp\/v2\/product_cat?post=3517"},{"taxonomy":"product_tag","embeddable":true,"href":"https:\/\/mtd.setur.fo\/en\/wp-json\/wp\/v2\/product_tag?post=3517"}],"curies":[{"name":"wp","href":"https:\/\/api.w.org\/{rel}","templated":true}]}}