{"id":1078,"date":"2023-10-16T15:23:47","date_gmt":"2023-10-16T14:23:47","guid":{"rendered":"https:\/\/fyribils.maltokni.fo\/?post_type=product&#038;p=1078"},"modified":"2026-03-23T17:38:13","modified_gmt":"2026-03-23T17:38:13","slug":"raettstavari","status":"publish","type":"product","link":"https:\/\/mtd.setur.fo\/en\/resource\/raettstavari\/","title":{"rendered":"Spell Checker"},"content":{"rendered":"<h3 class=\"textheading3\"><span class=\"textheading3\">Online Spellchecker<\/span><\/h3>\n<p>Vi\u00f0 hesum henta ambo\u00f0num kanst t\u00fa f\u00e1a t\u00edn tekst r\u00e6tta\u00f0an \u00e1 \u00f8llum eindum, um t\u00fa hevur ein netkaga og netsamband. Fyri f\u00f8royskt kanst velja \u00edmillum r\u00e6ttstavara (spell checker) og m\u00e1ll\u00e6rur\u00e6ttara (grammar checker). M\u00e1ll\u00e6rur\u00e6ttarin dugir nakrar f\u00e1ar m\u00e1ll\u00e6rureglur, sum hava vi\u00f0 \u00d0 at gera, t.d. n\u00e6r ta\u00f0 skal vera &#8220;s\u00edggi,&#8221; og n\u00e6r ta\u00f0 skal vera &#8220;s\u00edggi\u00f0,&#8221; har hann \u00fat fr\u00e1 samtekstinum m\u00e6lir til stavsetingina (um &#8220;eg&#8221; stendur frammanfyri, so hevur ta\u00f0 ikki \u00d0, ella um &#8220;hava&#8221; stendur frammanfyri, so hevur ta\u00f0 \u00d0 o.s.fr.).<\/p>\n<p style=\"text-align: center;\"><a class=\"button\" href=\"https:\/\/divvun.uit.no\/?lang=fo\" target=\"\u201d_blank\u201d\" rel=\"noopener\">Open Tool<\/a><\/p>\n<p>&nbsp;<\/p>\n<h3 class=\"textheading3\"><span class=\"textheading3\">Spellchecker on your Computer<\/span><\/h3>\n<p class=\"mobile-undersized-upper\">By using the programme Divvun Manager it is possible to get the Faroese Spellchecker installed on your computer. Download and install for\u00a0<a class=\"link1\" href=\"https:\/\/pahkat.uit.no\/divvun-installer\/download\/divvun-installer?platform=windows\">Windows<\/a>\u00a0or\u00a0<a class=\"link1\" href=\"https:\/\/pahkat.uit.no\/divvun-installer\/download\/divvun-installer?platform=macos\">Mac<\/a> and install the programme on your computer. Then you choose and install Faroese in Divvun Manager. You can read <a href=\"https:\/\/www.setur.fo\/fo\/setrid\/almennar-taenastur-og-grunnar\/raettstavarin\/\" target=\"_blank\" rel=\"noopener\">this guide<\/a> (in Faroese) on how you install Divvun Manager and Faroese spell checking on your computer. On Windows it works for Word and Libre Office and on Mac it works for Libre Office and \"system wide,\" and please note that the automatic language selection for Faroese does not work on Mac, so you have to choose Faroese in the <a href=\"https:\/\/support.apple.com\/en-ie\/guide\/mac-help\/mchlp2299\/mac\" target=\"_blank\" rel=\"noopener\">spelling settings<\/a>.<\/p>\n<p style=\"text-align: center;\"><a class=\"button\" href=\"https:\/\/borealium.org\/fo\/resource\/speller-fao\/\" target=\"\u201d_blank\u201d\" rel=\"noopener\">Open Tool<\/a><\/p>\n<p>&nbsp;<\/p>\n<h3 class=\"textheading3\"><span class=\"textheading3\">Grammar Checker for Word Online<\/span><\/h3>\n<p class=\"mobile-undersized-upper\">With the add-on\u00a0<a class=\"link1\" href=\"https:\/\/appsource.microsoft.com\/nb-no\/product\/office\/WA200001000?src=office&amp;tab=Overview\" target=\"_blank\" rel=\"noopener\">Divvun Grammar Checker<\/a> you can check for lexical and a few grammatical errors on Word Online (and on Word on your computer).<\/p>\n<p class=\"mobile-undersized-upper\">The easiest way to do this is to go directly to the Add-Ins on Word\/Word Online, search for Divvun Grammar Checker, and install it.<\/p>\n<p class=\"mobile-undersized-upper\">Alternatively, you can press the button below and link the add-in to your Microsoft Account. If you do not see the add-in under the Home tab on Word\/Word Online after linking it to your account, please open the Add-ons menu and choose More Add-ins. Then you choose Divvun Grammar Checker and press Add. If you can't find Divvun Grammar Checker, press My Add-ins and then Update on the upper right-hand corner. If nothing appears, you have not added Divvun Grammar Checker correctly to your Microsoft account.<\/p>\n<p class=\"mobile-undersized-upper\">Once you can see the add-in, select the language (Faroese) and then Check. Please note: This add-in will not give you any red lines under misspelled words; the corrections have to be made from inside the add-in on the right-hand side.<\/p>\n<p style=\"text-align: center;\"><a class=\"button\" href=\"https:\/\/divvun.no\/en\/korrektur\/gramcheck.html\" target=\"\u201d_blank\u201d\" rel=\"noopener\">Open Tool<\/a><\/p>\n<p>&nbsp;<\/p>\n<h3 class=\"textheading3\"><span class=\"textheading3\">Grammar Checker for Google Docs<\/span><\/h3>\n<p class=\"mobile-undersized-upper\"><a class=\"link1\" href=\"https:\/\/workspace.google.com\/marketplace\/app\/divvun_grammar_checker\/164222088507\" target=\"_blank\" rel=\"noopener\">Divvun Grammar Checker<\/a> is an add-on that can correct spelling errors and a few grammatical errors on Google Docs.<\/p>\n<p class=\"mobile-undersized-upper\">The easiest way to install it is directly from Google Docs: Open a Docs document, go to Extensions &gt; Add-ons &gt; Get add-ons, search for Divvun Grammar Checker, and install it.<\/p>\n<p class=\"mobile-undersized-upper\">You can also press the button below and link the add-on to your Google account, and then you will see Divvun Grammar Checker under Extensions at the top while you have a Google Docs document open. Then choose Divvun Grammar Checker &gt; Grammar Check. If you are not able to see the Extensions tab, one possible reason might be that your document is in docx format.<\/p>\n<p class=\"mobile-undersized-upper\">Once you have succeeded in opening the add-on, choose the language (F\u00f8royskt) and then Run Grammar Check. Please note: This add-on will not give you any red lines under misspelled words; the corrections only show up inside the add-on on the right-hand side.<\/p>\n<p style=\"text-align: center;\"><a class=\"button\" href=\"https:\/\/divvun.no\/en\/korrektur\/gramcheck.html\" target=\"\u201d_blank\u201d\" rel=\"noopener\">Open Tool<\/a><\/p>\n<p>&nbsp;<\/p>\n<h3 class=\"textheading3\"><span class=\"textheading3\">Sourcecode for the Spellchecker<\/span><\/h3>\n<p class=\"mobile-undersized-upper\">Because of the fact that the Faroese spellchecker is made with an open source code it is possible to take a look at the data behind it. On the\u00a0<a class=\"link1\" href=\"https:\/\/github.com\/giellalt\/\" target=\"_blank\" rel=\"noopener\">Github page of Giellatekno<\/a>\u00a0you can have a look at\u00a0<a class=\"link1\" href=\"https:\/\/github.com\/giellalt\/lang-fao\/tree\/main\/src\/fst\/morphology\/stems\" target=\"_blank\" rel=\"noopener\">the lexicons<\/a>,\u00a0<a class=\"link1\" href=\"https:\/\/github.com\/giellalt\/lang-fao\/tree\/main\/src\/fst\/morphology\/affixes\" target=\"_blank\" rel=\"noopener\">declensions and conjugations<\/a> and more. You are not able to edit without permission. More information about the sourcecode is available <a href=\"https:\/\/mtd.setur.fo\/en\/resource\/sourcecode-for-the-faroese-spellchecker\/\">here<\/a>.<\/p>\n<p style=\"text-align: center;\"><a class=\"button\" href=\"https:\/\/github.com\/giellalt\/lang-fao\" target=\"\u201d_blank\u201d\" rel=\"noopener\">Open Page<\/a><\/p>","protected":false},"excerpt":{"rendered":"<p>Vi\u00f0 R\u00e6ttstavaranum kanst t\u00fa r\u00e6tta f\u00f8royskan tekst \u00e1 netinum, \u00e1 telduni (\u00f8ll m\u00f8gulig forrit \u00e1 Windows (t.d. Word og Libre Office) og summi forrit \u00e1 Mac (t.d. \u00f8ll innbygd Mac-forrit og Libre Office, men ikki Word)), \u00e1 Word Online og \u00e1 Google Docs.<\/p>","protected":false},"featured_media":1202,"template":"","meta":{"_crdt_document":"","_uag_custom_page_level_css":"","site-sidebar-layout":"no-sidebar","site-content-layout":"","ast-site-content-layout":"default","site-content-style":"boxed","site-sidebar-style":"default","ast-global-header-display":"","ast-banner-title-visibility":"","ast-main-header-display":"","ast-hfb-above-header-display":"","ast-hfb-below-header-display":"","ast-hfb-mobile-header-display":"","site-post-title":"","ast-breadcrumbs-content":"","ast-featured-img":"","footer-sml-layout":"","ast-disable-related-posts":"","theme-transparent-header-meta":"default","adv-header-id-meta":"","stick-header-meta":"","header-above-stick-meta":"","header-main-stick-meta":"","header-below-stick-meta":"","astra-migrate-meta-layouts":"set","ast-page-background-enabled":"default","ast-page-background-meta":{"desktop":{"background-color":"var(--ast-global-color-4)","background-image":"","background-repeat":"repeat","background-position":"center center","background-size":"auto","background-attachment":"scroll","background-type":"","background-media":"","overlay-type":"","overlay-color":"","overlay-opacity":"","overlay-gradient":""},"tablet":{"background-color":"","background-image":"","background-repeat":"repeat","background-position":"center center","background-size":"auto","background-attachment":"scroll","background-type":"","background-media":"","overlay-type":"","overlay-color":"","overlay-opacity":"","overlay-gradient":""},"mobile":{"background-color":"","background-image":"","background-repeat":"repeat","background-position":"center center","background-size":"auto","background-attachment":"scroll","background-type":"","background-media":"","overlay-type":"","overlay-color":"","overlay-opacity":"","overlay-gradient":""}},"ast-content-background-meta":{"desktop":{"background-color":"var(--ast-global-color-5)","background-image":"","background-repeat":"repeat","background-position":"center center","background-size":"auto","background-attachment":"scroll","background-type":"","background-media":"","overlay-type":"","overlay-color":"","overlay-opacity":"","overlay-gradient":""},"tablet":{"background-color":"var(--ast-global-color-5)","background-image":"","background-repeat":"repeat","background-position":"center center","background-size":"auto","background-attachment":"scroll","background-type":"","background-media":"","overlay-type":"","overlay-color":"","overlay-opacity":"","overlay-gradient":""},"mobile":{"background-color":"var(--ast-global-color-5)","background-image":"","background-repeat":"repeat","background-position":"center center","background-size":"auto","background-attachment":"scroll","background-type":"","background-media":"","overlay-type":"","overlay-color":"","overlay-opacity":"","overlay-gradient":""}},"jetpack_publicize_message":"","jetpack_publicize_feature_enabled":true,"jetpack_social_post_already_shared":false,"jetpack_social_options":{"image_generator_settings":{"template":"highway","default_image_id":0,"font":"","enabled":false},"version":2},"_wpas_customize_per_network":false},"product_brand":[],"product_cat":[52],"product_tag":[],"class_list":{"0":"post-1078","1":"product","2":"type-product","3":"status-publish","4":"has-post-thumbnail","6":"product_cat-tools","7":"desktop-align-left","8":"tablet-align-left","9":"mobile-align-left","11":"first","12":"instock","13":"shipping-taxable","14":"product-type-external"},"yoast_head":"<!-- This site is optimized with the Yoast SEO plugin v27.3 - https:\/\/yoast.com\/product\/yoast-seo-wordpress\/ -->\n<title>R\u00e6ttstavari - M\u00e1lt\u00f8knidepilin<\/title>\n<meta name=\"robots\" content=\"index, follow, max-snippet:-1, max-image-preview:large, max-video-preview:-1\" \/>\n<link rel=\"canonical\" href=\"https:\/\/mtd.setur.fo\/en\/resource\/raettstavari\/\" \/>\n<meta property=\"og:locale\" content=\"en_GB\" \/>\n<meta property=\"og:type\" content=\"article\" \/>\n<meta property=\"og:title\" content=\"R\u00e6ttstavari - M\u00e1lt\u00f8knidepilin\" \/>\n<meta property=\"og:description\" content=\"Vi\u00f0 R\u00e6ttstavaranum kanst t\u00fa r\u00e6tta f\u00f8royskan tekst \u00e1 netinum, \u00e1 telduni (\u00f8ll m\u00f8gulig forrit \u00e1 Windows (t.d. Word og Libre Office) og summi forrit \u00e1 Mac (t.d. \u00f8ll innbygd Mac-forrit og Libre Office, men ikki Word)), \u00e1 Word Online og \u00e1 Google Docs.\" \/>\n<meta property=\"og:url\" content=\"https:\/\/mtd.setur.fo\/en\/resource\/raettstavari\/\" \/>\n<meta property=\"og:site_name\" content=\"M\u00e1lt\u00f8knidepilin\" \/>\n<meta property=\"article:modified_time\" content=\"2026-03-23T17:38:13+00:00\" \/>\n<meta property=\"og:image\" content=\"https:\/\/mtd.setur.fo\/wp-content\/uploads\/2023\/10\/divvun-Kopi-1.png\" \/>\n\t<meta property=\"og:image:width\" content=\"847\" \/>\n\t<meta property=\"og:image:height\" content=\"847\" \/>\n\t<meta property=\"og:image:type\" content=\"image\/png\" \/>\n<meta name=\"twitter:card\" content=\"summary_large_image\" \/>\n<meta name=\"twitter:label1\" content=\"Estimated reading time\" \/>\n\t<meta name=\"twitter:data1\" content=\"3 minutes\" \/>\n<script type=\"application\/ld+json\" class=\"yoast-schema-graph\">{\"@context\":\"https:\\\/\\\/schema.org\",\"@graph\":[{\"@type\":\"WebPage\",\"@id\":\"https:\\\/\\\/mtd.setur.fo\\\/resource\\\/raettstavari\\\/\",\"url\":\"https:\\\/\\\/mtd.setur.fo\\\/resource\\\/raettstavari\\\/\",\"name\":\"R\u00e6ttstavari - M\u00e1lt\u00f8knidepilin\",\"isPartOf\":{\"@id\":\"https:\\\/\\\/mtd.setur.fo\\\/#website\"},\"primaryImageOfPage\":{\"@id\":\"https:\\\/\\\/mtd.setur.fo\\\/resource\\\/raettstavari\\\/#primaryimage\"},\"image\":{\"@id\":\"https:\\\/\\\/mtd.setur.fo\\\/resource\\\/raettstavari\\\/#primaryimage\"},\"thumbnailUrl\":\"https:\\\/\\\/i0.wp.com\\\/mtd.setur.fo\\\/wp-content\\\/uploads\\\/2023\\\/10\\\/divvun-Kopi-1.png?fit=847%2C847&ssl=1\",\"datePublished\":\"2023-10-16T14:23:47+00:00\",\"dateModified\":\"2026-03-23T17:38:13+00:00\",\"breadcrumb\":{\"@id\":\"https:\\\/\\\/mtd.setur.fo\\\/resource\\\/raettstavari\\\/#breadcrumb\"},\"inLanguage\":\"en-GB\",\"potentialAction\":[{\"@type\":\"ReadAction\",\"target\":[\"https:\\\/\\\/mtd.setur.fo\\\/resource\\\/raettstavari\\\/\"]}]},{\"@type\":\"ImageObject\",\"inLanguage\":\"en-GB\",\"@id\":\"https:\\\/\\\/mtd.setur.fo\\\/resource\\\/raettstavari\\\/#primaryimage\",\"url\":\"https:\\\/\\\/i0.wp.com\\\/mtd.setur.fo\\\/wp-content\\\/uploads\\\/2023\\\/10\\\/divvun-Kopi-1.png?fit=847%2C847&ssl=1\",\"contentUrl\":\"https:\\\/\\\/i0.wp.com\\\/mtd.setur.fo\\\/wp-content\\\/uploads\\\/2023\\\/10\\\/divvun-Kopi-1.png?fit=847%2C847&ssl=1\",\"width\":847,\"height\":847},{\"@type\":\"BreadcrumbList\",\"@id\":\"https:\\\/\\\/mtd.setur.fo\\\/resource\\\/raettstavari\\\/#breadcrumb\",\"itemListElement\":[{\"@type\":\"ListItem\",\"position\":1,\"name\":\"Home\",\"item\":\"https:\\\/\\\/mtd.setur.fo\\\/\"},{\"@type\":\"ListItem\",\"position\":2,\"name\":\"Tilfeingi\",\"item\":\"https:\\\/\\\/mtd.setur.fo\\\/tilfeingi\\\/\"},{\"@type\":\"ListItem\",\"position\":3,\"name\":\"R\u00e6ttstavari\"}]},{\"@type\":\"WebSite\",\"@id\":\"https:\\\/\\\/mtd.setur.fo\\\/#website\",\"url\":\"https:\\\/\\\/mtd.setur.fo\\\/\",\"name\":\"M\u00e1lt\u00f8knidepilin\",\"description\":\"M\u00e1lt\u00f8knidepilin\",\"publisher\":{\"@id\":\"https:\\\/\\\/mtd.setur.fo\\\/#organization\"},\"potentialAction\":[{\"@type\":\"SearchAction\",\"target\":{\"@type\":\"EntryPoint\",\"urlTemplate\":\"https:\\\/\\\/mtd.setur.fo\\\/?s={search_term_string}\"},\"query-input\":{\"@type\":\"PropertyValueSpecification\",\"valueRequired\":true,\"valueName\":\"search_term_string\"}}],\"inLanguage\":\"en-GB\"},{\"@type\":\"Organization\",\"@id\":\"https:\\\/\\\/mtd.setur.fo\\\/#organization\",\"name\":\"M\u00e1lt\u00f8knidepilin\",\"url\":\"https:\\\/\\\/mtd.setur.fo\\\/\",\"logo\":{\"@type\":\"ImageObject\",\"inLanguage\":\"en-GB\",\"@id\":\"https:\\\/\\\/mtd.setur.fo\\\/#\\\/schema\\\/logo\\\/image\\\/\",\"url\":\"https:\\\/\\\/i0.wp.com\\\/mtd.setur.fo\\\/wp-content\\\/uploads\\\/2024\\\/02\\\/cropped-gront_MTD_FF_fo_horisont-2.png?fit=550%2C110&ssl=1\",\"contentUrl\":\"https:\\\/\\\/i0.wp.com\\\/mtd.setur.fo\\\/wp-content\\\/uploads\\\/2024\\\/02\\\/cropped-gront_MTD_FF_fo_horisont-2.png?fit=550%2C110&ssl=1\",\"width\":550,\"height\":110,\"caption\":\"M\u00e1lt\u00f8knidepilin\"},\"image\":{\"@id\":\"https:\\\/\\\/mtd.setur.fo\\\/#\\\/schema\\\/logo\\\/image\\\/\"}}]}<\/script>\n<!-- \/ Yoast SEO plugin. -->","yoast_head_json":{"title":"R\u00e6ttstavari - M\u00e1lt\u00f8knidepilin","robots":{"index":"index","follow":"follow","max-snippet":"max-snippet:-1","max-image-preview":"max-image-preview:large","max-video-preview":"max-video-preview:-1"},"canonical":"https:\/\/mtd.setur.fo\/en\/resource\/raettstavari\/","og_locale":"en_GB","og_type":"article","og_title":"R\u00e6ttstavari - M\u00e1lt\u00f8knidepilin","og_description":"Vi\u00f0 R\u00e6ttstavaranum kanst t\u00fa r\u00e6tta f\u00f8royskan tekst \u00e1 netinum, \u00e1 telduni (\u00f8ll m\u00f8gulig forrit \u00e1 Windows (t.d. Word og Libre Office) og summi forrit \u00e1 Mac (t.d. \u00f8ll innbygd Mac-forrit og Libre Office, men ikki Word)), \u00e1 Word Online og \u00e1 Google Docs.","og_url":"https:\/\/mtd.setur.fo\/en\/resource\/raettstavari\/","og_site_name":"M\u00e1lt\u00f8knidepilin","article_modified_time":"2026-03-23T17:38:13+00:00","og_image":[{"width":847,"height":847,"url":"https:\/\/mtd.setur.fo\/wp-content\/uploads\/2023\/10\/divvun-Kopi-1.png","type":"image\/png"}],"twitter_card":"summary_large_image","twitter_misc":{"Estimated reading time":"3 minutes"},"schema":{"@context":"https:\/\/schema.org","@graph":[{"@type":"WebPage","@id":"https:\/\/mtd.setur.fo\/resource\/raettstavari\/","url":"https:\/\/mtd.setur.fo\/resource\/raettstavari\/","name":"R\u00e6ttstavari - M\u00e1lt\u00f8knidepilin","isPartOf":{"@id":"https:\/\/mtd.setur.fo\/#website"},"primaryImageOfPage":{"@id":"https:\/\/mtd.setur.fo\/resource\/raettstavari\/#primaryimage"},"image":{"@id":"https:\/\/mtd.setur.fo\/resource\/raettstavari\/#primaryimage"},"thumbnailUrl":"https:\/\/i0.wp.com\/mtd.setur.fo\/wp-content\/uploads\/2023\/10\/divvun-Kopi-1.png?fit=847%2C847&ssl=1","datePublished":"2023-10-16T14:23:47+00:00","dateModified":"2026-03-23T17:38:13+00:00","breadcrumb":{"@id":"https:\/\/mtd.setur.fo\/resource\/raettstavari\/#breadcrumb"},"inLanguage":"en-GB","potentialAction":[{"@type":"ReadAction","target":["https:\/\/mtd.setur.fo\/resource\/raettstavari\/"]}]},{"@type":"ImageObject","inLanguage":"en-GB","@id":"https:\/\/mtd.setur.fo\/resource\/raettstavari\/#primaryimage","url":"https:\/\/i0.wp.com\/mtd.setur.fo\/wp-content\/uploads\/2023\/10\/divvun-Kopi-1.png?fit=847%2C847&ssl=1","contentUrl":"https:\/\/i0.wp.com\/mtd.setur.fo\/wp-content\/uploads\/2023\/10\/divvun-Kopi-1.png?fit=847%2C847&ssl=1","width":847,"height":847},{"@type":"BreadcrumbList","@id":"https:\/\/mtd.setur.fo\/resource\/raettstavari\/#breadcrumb","itemListElement":[{"@type":"ListItem","position":1,"name":"Home","item":"https:\/\/mtd.setur.fo\/"},{"@type":"ListItem","position":2,"name":"Tilfeingi","item":"https:\/\/mtd.setur.fo\/tilfeingi\/"},{"@type":"ListItem","position":3,"name":"R\u00e6ttstavari"}]},{"@type":"WebSite","@id":"https:\/\/mtd.setur.fo\/#website","url":"https:\/\/mtd.setur.fo\/","name":"Centre for Language Technology","description":"Centre for Language Technology","publisher":{"@id":"https:\/\/mtd.setur.fo\/#organization"},"potentialAction":[{"@type":"SearchAction","target":{"@type":"EntryPoint","urlTemplate":"https:\/\/mtd.setur.fo\/?s={search_term_string}"},"query-input":{"@type":"PropertyValueSpecification","valueRequired":true,"valueName":"search_term_string"}}],"inLanguage":"en-GB"},{"@type":"Organization","@id":"https:\/\/mtd.setur.fo\/#organization","name":"Centre for Language Technology","url":"https:\/\/mtd.setur.fo\/","logo":{"@type":"ImageObject","inLanguage":"en-GB","@id":"https:\/\/mtd.setur.fo\/#\/schema\/logo\/image\/","url":"https:\/\/i0.wp.com\/mtd.setur.fo\/wp-content\/uploads\/2024\/02\/cropped-gront_MTD_FF_fo_horisont-2.png?fit=550%2C110&ssl=1","contentUrl":"https:\/\/i0.wp.com\/mtd.setur.fo\/wp-content\/uploads\/2024\/02\/cropped-gront_MTD_FF_fo_horisont-2.png?fit=550%2C110&ssl=1","width":550,"height":110,"caption":"M\u00e1lt\u00f8knidepilin"},"image":{"@id":"https:\/\/mtd.setur.fo\/#\/schema\/logo\/image\/"}}]}},"jetpack_publicize_connections":[],"uagb_featured_image_src":{"full":["https:\/\/i0.wp.com\/mtd.setur.fo\/wp-content\/uploads\/2023\/10\/divvun-Kopi-1.png?fit=847%2C847&ssl=1",847,847,false],"thumbnail":["https:\/\/i0.wp.com\/mtd.setur.fo\/wp-content\/uploads\/2023\/10\/divvun-Kopi-1.png?resize=150%2C150&ssl=1",150,150,true],"medium":["https:\/\/i0.wp.com\/mtd.setur.fo\/wp-content\/uploads\/2023\/10\/divvun-Kopi-1.png?fit=300%2C300&ssl=1",300,300,true],"medium_large":["https:\/\/i0.wp.com\/mtd.setur.fo\/wp-content\/uploads\/2023\/10\/divvun-Kopi-1.png?fit=768%2C768&ssl=1",768,768,true],"large":["https:\/\/i0.wp.com\/mtd.setur.fo\/wp-content\/uploads\/2023\/10\/divvun-Kopi-1.png?fit=847%2C847&ssl=1",847,847,true],"1536x1536":["https:\/\/i0.wp.com\/mtd.setur.fo\/wp-content\/uploads\/2023\/10\/divvun-Kopi-1.png?fit=847%2C847&ssl=1",847,847,true],"2048x2048":["https:\/\/i0.wp.com\/mtd.setur.fo\/wp-content\/uploads\/2023\/10\/divvun-Kopi-1.png?fit=847%2C847&ssl=1",847,847,true],"trp-custom-language-flag":["https:\/\/i0.wp.com\/mtd.setur.fo\/wp-content\/uploads\/2023\/10\/divvun-Kopi-1.png?fit=12%2C12&ssl=1",12,12,true],"newspack-article-block-landscape-large":["https:\/\/i0.wp.com\/mtd.setur.fo\/wp-content\/uploads\/2023\/10\/divvun-Kopi-1.png?resize=847%2C847&ssl=1",847,847,true],"newspack-article-block-portrait-large":["https:\/\/i0.wp.com\/mtd.setur.fo\/wp-content\/uploads\/2023\/10\/divvun-Kopi-1.png?resize=847%2C847&ssl=1",847,847,true],"newspack-article-block-square-large":["https:\/\/i0.wp.com\/mtd.setur.fo\/wp-content\/uploads\/2023\/10\/divvun-Kopi-1.png?resize=847%2C847&ssl=1",847,847,true],"newspack-article-block-landscape-medium":["https:\/\/i0.wp.com\/mtd.setur.fo\/wp-content\/uploads\/2023\/10\/divvun-Kopi-1.png?resize=800%2C600&ssl=1",800,600,true],"newspack-article-block-portrait-medium":["https:\/\/i0.wp.com\/mtd.setur.fo\/wp-content\/uploads\/2023\/10\/divvun-Kopi-1.png?resize=600%2C800&ssl=1",600,800,true],"newspack-article-block-square-medium":["https:\/\/i0.wp.com\/mtd.setur.fo\/wp-content\/uploads\/2023\/10\/divvun-Kopi-1.png?resize=800%2C800&ssl=1",800,800,true],"newspack-article-block-landscape-intermediate":["https:\/\/i0.wp.com\/mtd.setur.fo\/wp-content\/uploads\/2023\/10\/divvun-Kopi-1.png?resize=600%2C450&ssl=1",600,450,true],"newspack-article-block-portrait-intermediate":["https:\/\/i0.wp.com\/mtd.setur.fo\/wp-content\/uploads\/2023\/10\/divvun-Kopi-1.png?resize=450%2C600&ssl=1",450,600,true],"newspack-article-block-square-intermediate":["https:\/\/i0.wp.com\/mtd.setur.fo\/wp-content\/uploads\/2023\/10\/divvun-Kopi-1.png?resize=600%2C600&ssl=1",600,600,true],"newspack-article-block-landscape-small":["https:\/\/i0.wp.com\/mtd.setur.fo\/wp-content\/uploads\/2023\/10\/divvun-Kopi-1.png?resize=400%2C300&ssl=1",400,300,true],"newspack-article-block-portrait-small":["https:\/\/i0.wp.com\/mtd.setur.fo\/wp-content\/uploads\/2023\/10\/divvun-Kopi-1.png?resize=300%2C400&ssl=1",300,400,true],"newspack-article-block-square-small":["https:\/\/i0.wp.com\/mtd.setur.fo\/wp-content\/uploads\/2023\/10\/divvun-Kopi-1.png?resize=400%2C400&ssl=1",400,400,true],"newspack-article-block-landscape-tiny":["https:\/\/i0.wp.com\/mtd.setur.fo\/wp-content\/uploads\/2023\/10\/divvun-Kopi-1.png?resize=200%2C150&ssl=1",200,150,true],"newspack-article-block-portrait-tiny":["https:\/\/i0.wp.com\/mtd.setur.fo\/wp-content\/uploads\/2023\/10\/divvun-Kopi-1.png?resize=150%2C200&ssl=1",150,200,true],"newspack-article-block-square-tiny":["https:\/\/i0.wp.com\/mtd.setur.fo\/wp-content\/uploads\/2023\/10\/divvun-Kopi-1.png?resize=200%2C200&ssl=1",200,200,true],"newspack-article-block-uncropped":["https:\/\/i0.wp.com\/mtd.setur.fo\/wp-content\/uploads\/2023\/10\/divvun-Kopi-1.png?fit=847%2C847&ssl=1",847,847,true],"mailpoet_newsletter_max":["https:\/\/i0.wp.com\/mtd.setur.fo\/wp-content\/uploads\/2023\/10\/divvun-Kopi-1.png?fit=847%2C847&ssl=1",847,847,true],"woocommerce_thumbnail":["https:\/\/i0.wp.com\/mtd.setur.fo\/wp-content\/uploads\/2023\/10\/divvun-Kopi-1.png?resize=300%2C300&ssl=1",300,300,true],"woocommerce_single":["https:\/\/i0.wp.com\/mtd.setur.fo\/wp-content\/uploads\/2023\/10\/divvun-Kopi-1.png?fit=600%2C600&ssl=1",600,600,true],"woocommerce_gallery_thumbnail":["https:\/\/i0.wp.com\/mtd.setur.fo\/wp-content\/uploads\/2023\/10\/divvun-Kopi-1.png?resize=100%2C100&ssl=1",100,100,true]},"uagb_author_info":{"display_name":"Admin","author_link":"https:\/\/mtd.setur.fo\/en\/author\/"},"uagb_comment_info":0,"uagb_excerpt":"Vi\u00f0 R\u00e6ttstavaranum kanst t\u00fa r\u00e6tta f\u00f8royskan tekst \u00e1 netinum, \u00e1 telduni (\u00f8ll m\u00f8gulig forrit \u00e1 Windows (t.d. Word og Libre Office) og summi forrit \u00e1 Mac (t.d. \u00f8ll innbygd Mac-forrit og Libre Office, men ikki Word)), \u00e1 Word Online og \u00e1 Google Docs.","jetpack_likes_enabled":true,"jetpack_sharing_enabled":true,"jetpack-related-posts":[],"_links":{"self":[{"href":"https:\/\/mtd.setur.fo\/en\/wp-json\/wp\/v2\/product\/1078","targetHints":{"allow":["GET"]}}],"collection":[{"href":"https:\/\/mtd.setur.fo\/en\/wp-json\/wp\/v2\/product"}],"about":[{"href":"https:\/\/mtd.setur.fo\/en\/wp-json\/wp\/v2\/types\/product"}],"wp:featuredmedia":[{"embeddable":true,"href":"https:\/\/mtd.setur.fo\/en\/wp-json\/wp\/v2\/media\/1202"}],"wp:attachment":[{"href":"https:\/\/mtd.setur.fo\/en\/wp-json\/wp\/v2\/media?parent=1078"}],"wp:term":[{"taxonomy":"product_brand","embeddable":true,"href":"https:\/\/mtd.setur.fo\/en\/wp-json\/wp\/v2\/product_brand?post=1078"},{"taxonomy":"product_cat","embeddable":true,"href":"https:\/\/mtd.setur.fo\/en\/wp-json\/wp\/v2\/product_cat?post=1078"},{"taxonomy":"product_tag","embeddable":true,"href":"https:\/\/mtd.setur.fo\/en\/wp-json\/wp\/v2\/product_tag?post=1078"}],"curies":[{"name":"wp","href":"https:\/\/api.w.org\/{rel}","templated":true}]}}